{"id":3,"date":"2022-06-07T00:32:13","date_gmt":"2022-06-07T00:32:13","guid":{"rendered":"https:\/\/acquerello.co\/?page_id=3"},"modified":"2022-12-13T02:30:51","modified_gmt":"2022-12-13T02:30:51","slug":"terminos-y-condiciones","status":"publish","type":"page","link":"https:\/\/acquerello.co\/en\/terminos-y-condiciones\/","title":{"rendered":"T\u00e9rminos y condiciones"},"content":{"rendered":"<div data-elementor-type=\"wp-page\" data-elementor-id=\"3\" class=\"elementor elementor-3\" data-elementor-post-type=\"page\">\n\t\t\t\t\t\t<section class=\"elementor-section elementor-top-section elementor-element elementor-element-125738c6 elementor-section-boxed elementor-section-height-default elementor-section-height-default\" data-id=\"125738c6\" data-element_type=\"section\" data-e-type=\"section\">\n\t\t\t\t\t\t<div class=\"elementor-container elementor-column-gap-default\">\n\t\t\t\t\t<div class=\"elementor-column elementor-col-100 elementor-top-column elementor-element elementor-element-231673d6\" data-id=\"231673d6\" data-element_type=\"column\" data-e-type=\"column\">\n\t\t\t<div class=\"elementor-widget-wrap elementor-element-populated\">\n\t\t\t\t\t\t<div class=\"elementor-element elementor-element-75624b22 elementor-widget elementor-widget-text-editor\" data-id=\"75624b22\" data-element_type=\"widget\" data-e-type=\"widget\" data-widget_type=\"text-editor.default\">\n\t\t\t\t<div class=\"elementor-widget-container\">\n\t\t\t\t\t\t\t\t\t<p>\u00a0<\/p><p style=\"text-align: center;\">TERMS AND CONDITIONS<\/p><p style=\"text-align: center;\"><br \/>Acquerello \u00ae \u2013 ACQUARELLO S.A.S<\/p><p style=\"padding-left: 40px;\">\u00a0<\/p><p><strong>DEAR CLIENT<\/strong><\/p><p>These GENERAL CONDITIONS OF USE AND PURCHASE POLICY establish the conditions governing the use of the website <a href=\"https:\/\/acquerello.co\/en\/\">www.acquerello.co<\/a> and the purchase of products therein, to which users or customers must abide. By using this website or placing an order through it, you agree to be bound by these Conditions and by our Personal Data Protection Policy; therefore, we suggest reading it in advance, before starting its use. <br \/>The conditions established here may be modified at any time by Acquerello \u00ae without the need to notify or request any approval, so we suggest reading them each time you make a purchase. The applicable Conditions will be those that are published at the time of purchase. <br \/>The sales made on this portal are made by Acquerello \u00ae- ACQUARELLO S.A.S., a duly constituted company, identified with the NIT 901.153.003-7 located at Carrera 11\u00aa # 115- 20 in the city of Bogot\u00e1 - Colombia, WhatsApp +57 3205623162 and e-mail info@acquerello.co<\/p><p>1. GENERAL CONDITIONS OF USE <br \/>The following GENERAL CONDITIONS OF USE AND PURCHASE POLICIES come into force as of their publication, without prejudice to subsequent modifications without prior notice or consent. It is solely up to Acquerello \u00ae to approve changes to the text of this publication. <br \/>Access to and use of this Website is free. The fact of browsing the Website, gives the condition of user and implies the complete and unreserved acceptance of all the conditions of use. <br \/>By accessing, browsing or using this Website, you acknowledge that you have read, understood, and agree to comply with all the conditions and terms set forth herein. If you do not agree with the conditions, you must refrain from browsing this Website, and if you wish, notify Acquerello \u00ae of your disagreement. In case of acquiring any product through this website, it is understood that these terms and conditions have been accepted in their entirety.<\/p><p>2. PERSONAL DATA<\/p><p>The information provided by our clients will be treated in accordance with the provisions of the Law and in our Personal Data Protection Policy that is published on this website. By using this website you consent to the processing, storage, transmission and\/or transfer of your personal data in accordance with the provisions of our Personal Data Processing Policy and declare that all the information provided is true and real.<\/p><p>3. DURATION AND TERMINATION <br \/>Acquerello\u00ae reserves the right to review or modify the GENERAL CONDITIONS OF USE AND PURCHASE POLICIES at any time, or any other content of the Website, when it deems it pertinent, without prior notice to the user. The modifications will be made on the brand's Web Page, and it is the user's responsibility to review and attend to them each time they browse the Web Page. <br \/>The user undertakes to make diligent, correct and lawful use of the Website, as well as not to suppress, elude or manipulate the copyright and other data that identifies the Acquerello \u00ae brand. <br \/>The provision of the Acquerello \u00ae Website service has an indefinite duration. However, the brand may terminate or suspend the provision of this service at any time and without prior notice.<\/p><p>4. INTELLECTUAL PROPERTY<\/p><p>All the contents of this Website, such as texts, photographs, graphics, images, icons, software and graphic design, constitute a work whose property belongs to Acquerello \u00ae or its respective authors, for this reason users are prohibited from reproducing it. in whole or in part, without the written authorization of its owner. In the event that there are contents owned by authors other than Acquerello \u00ae, you will obtain prior authorization in accordance with the provisions of the regulations that protect copyright.<\/p><p>5. RESPONSIBILITY<\/p><p>The content of the Website is of a general nature and is for informational purposes only, without fully guaranteeing access to all content, nor its validity or timeliness, suitability or usefulness for a specific purpose. <br \/>Acquerello \u00ae will not be responsible for damages that may be caused by the use of the information provided through the service. <br \/>Due to the fact that at present the technical means available do not guarantee the absolute lack of interference of the action of third parties in the sites published on the Internet, Acquerello \u00ae does not guarantee the accuracy or veracity of all or part of the information contained in the site. , nor its updating, nor that said information has been altered or modified in whole or in part, after being included in the site, nor any other aspect or characteristic of the information provided through the site or through the links eventually included. in the same. <br \/>Acquerello \u00ae excludes, to the extent permitted by applicable law in the Republic of Colombia, any liability for damages of any nature arising from:<\/p><ul><li>La imposibilidad de acceso a la P\u00e1gina Web o la falta de veracidad, exactitud, y\/o actualidad de los contenidos, as\u00ed como la existencia de vicios y defectos de toda clase de los contenidos transmitidos, difundidos, almacenados, puestos a disposici\u00f3n a los que se haya accedido a trav\u00e9s de la P\u00e1gina Web o de los servicios que se ofrecen de manera tradicional o por medios electr\u00f3nicos (en l\u00ednea).<\/li><li>La presencia de virus o de otros elementos en los contenidos que puedan producir alteraciones en los sistemas inform\u00e1ticos, documentos electr\u00f3nicos o datos de los Usuarios.<\/li><\/ul><div>\u00a0<\/div><p>6. AVAILABILITY OF THE PRODUCTS<\/p><p>Acquerello\u00ae informs the Client that the number of available units is kept up to date with the stock in the warehouse, as well as the delivery time of the products to the sales, which may be available for immediate dispatch (InStock) or available to order (Pre - order). <br \/>Products available for immediate shipment will be processed and shipped within approximately five (5) business days of purchase. The products available to order have a delivery time between three (03) and fifteen (15) business days approximately. On Saturdays, Sundays and holidays, delivery orders are not processed until the next business day. <br \/>Under no circumstances will Acquerello \u00ae intentionally offer for sale more units than it has. <br \/>Acquerello \u00ae will do everything possible to please all its Customers in the demand for the products. <br \/>In the event that the product is not available after the order has been placed, the Customer will be informed by e-mail of the total or partial cancellation of the order. The partial cancellation of the order due to lack of availability does not entitle the customer to cancel the entire order. In the event that the product is not InStock, Acquerello \u00ae will refund the money that has been paid for the purchase.<\/p><p>8. PAYMENT OF THE PRODUCTS<\/p><p>The Customer agrees to pay the full value of his order at the time of confirming his purchase order, for which we have arranged all the guarantees through Paypal. Card payment is made with Paypal security protocols. For detailed information see: https:\/\/www.paypal.com\/us\/webapps\/mpp\/ua\/useragreement-full<\/p><p>The initial price that appears on the website www.acquerello.co for each of the products offered will be added the fees corresponding to the relevant shipping costs. In any case, these rates will be previously communicated to the Client before formalizing the purchase itself.<\/p><p>The Client must notify Acquerello \u00ae of any undue or fraudulent charge on the card used for purchases, via WhatsApp +57 3205623162, or email sales@acquerello.co within five (05) business days following knowledge of the purchase to that Acquerello \u00ae can take the appropriate steps to reverse the purchase, which must be done jointly with the operator of the card used.<\/p><p>Before acceptance by Acquerello \u00ae of any purchase offer made by a client and\/or user, it will be obliged to choose the way in which it will pay the corresponding price, in accordance with the means of payment that are already available. previously and specifically established on our website. We must warn that despite the fact that Acquerello \u00ae has made available to our customers and\/or users a secure connection system for all purchase offers, in no case will Acquerello \u00ae be responsible for failures in the communications of banking or credit entities, nor will it be responsible for damages that may be caused to customers and\/or users as a result of an action or omission of said entities. When the payment has been verified by Acquerello \u00ae, you can proceed to accept the purchase offer made by the client and\/or user. However, Acquerello \u00ae reserves the right to refuse acceptance of a purchase offer or to accept it partially. In these cases, Acquerello \u00ae will only be obliged to return to the client and\/or user the value paid for the purchase offer not accepted or the percentage corresponding to the unapproved part of a purchase offer that was partially accepted, without any type of interest or performance.<\/p><p>Once the order has been formalized, that is, with the confirmation of the purchase process, Acquerello \u00ae will always send an email to the Client confirming the details of the purchase made.<\/p><p>10. CANCELLATION OF ORDERS<\/p><p>Once the payment of the order has been made, cancellations are not accepted. Changes to the order can be made before it is shipped, as long as they are products available In Stock. For products that have been ordered to be manufactured, changes can only be made up to twenty-four (24) hours after the purchase is made. In both cases, an email must be sent to sales@acquerello.co<\/p><p>11. DEADLINES, PLACE OF DELIVERY AND LOSS OF PRODUCTS<\/p><p style=\"padding-left: 40px;\"><span style=\"background-color: transparent; color: var( --e-global-color-text ); font-family: var( --e-global-typography-text-font-family ), Sans-serif; font-weight: var( --e-global-typography-text-font-weight );\">1. Product Delivery<\/span><\/p><ul><li style=\"list-style-type: none;\"><ul><li>Acquerello \u00ae undertakes to deliver the product in perfect condition to the address indicated by the Customer on the order form.<\/li><li>Acquerello \u00ae will not be responsible for errors caused in delivery when the delivery address entered by the customer in the order form is not precise and correct.<br \/><br \/><\/li><\/ul><\/li><\/ul><p style=\"padding-left: 40px;\">2. Delivery time<\/p><ul><li style=\"list-style-type: none;\"><ul><li>Shipments will be made through the transport service companies with which Acquerello \u00ae has an agreement. Once your order is confirmed, we proceed to enlist and dispatch it. For products in stock, the dispatch will be made the next business day after the purchase is confirmed; The delivery of the product by the carrier will be from 1 to 5 business days. For products ordered to be manufactured, the dispatch will be made in 10 days after payment is approved.<\/li><li>Once the order has been dispatched, confirmed and delivered to the carrier, the customer will receive a dispatch notification in their email with the information of the guide number with which they can track their shipment through the page of the corresponding carrier. Acquerello \u00ae is not responsible for delays in the delivery of your order due to events of force majeure or fortuitous event. Acquerello \u00ae will not be responsible either when it has not been possible to make the delivery at the indicated address for reasons directly attributable to the client. In this case, you must contact the customer service of the transport company directly, supplying the respective guide number. For security reasons, no order will be accepted when it is not possible to identify the recipient of the order and its address.<br \/><br \/><\/li><\/ul><\/li><\/ul><p style=\"padding-left: 40px;\">3. Packet Loss<\/p><ul><li style=\"list-style-type: none;\"><ul><li>In case of loss or theft of the package sent, it is the responsibility of the transport company, who will initiate an investigation process to find the location of the package and will determine the procedure to request payment for the items contained in the lost package, taking into account the insured value.<br \/><br \/><\/li><\/ul><\/li><\/ul><p style=\"padding-left: 40px;\">4. Deliveries Not Made<\/p><ul><li style=\"list-style-type: none;\"><ul><li>If at the time of delivery the Client is absent, the courier company will leave a receipt indicating how to proceed to make a new delivery.<\/li><li>If after five (05) business days after the delivery of the order has not been delivered, the Client must contact Acquerello \u00ae via email info@acquerello.co or via WhatsApp +57 3205623162. In the event that the Client does not proceed in accordance, after five (05) business days from the date of delivery of the order, it will be returned to our warehouses and the client must bear the shipping costs and return to origin of the merchandise. , as well as the possible associated management costs.<br \/><br \/><\/li><\/ul><\/li><\/ul><p style=\"padding-left: 40px;\">5. Diligence in Delivery<\/p><ul><li style=\"list-style-type: none;\"><ul><li>The Client must check the good condition of the package before the courier company, indicating any anomaly that could be detected in the packaging. If later, once the product has been reviewed, the Client detects any incident such as a blow, breakage, signs of having been opened or any damage caused to it by the shipment, the Client undertakes to notify Acquerello \u00ae via e-mail to sales@acquerello .co within twenty-four (24) hours after delivery. From that moment on, incidents of this type will not be dealt with (only parts under warranty).<br \/><br \/><\/li><\/ul><\/li><\/ul><p style=\"padding-left: 40px;\">6. Paquete incompleto<\/p><ul><li style=\"list-style-type: none;\"><ul><li>To initiate a claim process to the transport company for the lack of a product in the package, the Client must check the state in which it was received, indicating any anomaly that could be detected in the packaging.<\/li><li>The Customer agrees to notify Acquerello\u00ae\ufe0f via e-mail to sales@acquerello.co within twenty-four (24) hours from delivery, to request a formal claim to the transport company which will be valid within (21 ) calendar days counted from the moment the client receives the package.<br \/><br \/><\/li><\/ul><\/li><\/ul><p>12. CHANGES<\/p><p>When the change of a garment is required, it can be done in the following way: By writing to us through our Contact section here on our website www.acquerello.co, within a period of fifteen (15) calendar days after delivery. of the product.<\/p><p>It should be noted that:<\/p><ul><li>Las prendas en promoci\u00f3n o con descuento, no tienen cambio.<\/li><li>Los cambios de las prendas siempre se realizar\u00e1n por el valor por el que fueron compradas, en caso de que el cliente desee cambiar una prenda por una de mayor valor, deber\u00e1 cancelar la diferencia.; y si es de menor valor no se hace la devoluci\u00f3n del dinero y se proceder\u00e1 un saldo a favor del cliente.<\/li><li>La prenda no debe haber sido usada, y debe estar en el mismo estado en que se entreg\u00f3.<\/li><li>El env\u00edo debe hacerse usando la misma caja y\/o bolsa en que ha sido recibido para proteger el producto. Para el supuesto que no pueda hacerse con la caja y\/o bolsa con la que se entreg\u00f3, el Cliente deber\u00e1 devolverlo en una caja protectora con el fin de que el producto llegue a las oficinas de Acquerello \u00ae con las m\u00e1ximas garant\u00edas posibles.<\/li><li>Debe incluirse una copia del recibo de entrega dentro del paquete, donde adem\u00e1s se marquen los productos devueltos y el motivo de la devoluci\u00f3n.<\/li><li>En ning\u00fan caso habr\u00e1 devoluci\u00f3n del dinero.<\/li><li>Las prendas con descuento o promoci\u00f3n solo podr\u00e1n cambiarse por garant\u00eda legal. Dichas prendas no admiten devoluci\u00f3n.<br \/><br \/><\/li><\/ul><p>13. RIGHT OF WITHDRAWAL.<\/p><p>It only applies to online sales and the maximum term to exercise the right of withdrawal will be five (05) business days from the delivery of the garments, and the money will be refunded to the client within a term of twenty-five (25) to thirty Approximately (30) business days, as long as the following requirements are met:<\/p><ul><li>El cliente deber\u00e1 devolver las prendas Acquerello \u00ae, sin que estas hayan sido usadas, por los mismos medios y en las mismas condiciones en que las recibi\u00f3.<\/li><li>Los costos de transporte y los dem\u00e1s que conlleve la devoluci\u00f3n de las prendas ser\u00e1n cubiertos por el cliente.<\/li><li>Se except\u00faan del derecho de retracto las prendas fabricadas por solicitud expresa del cliente.<\/li><li>To exercise the right of withdrawal, the client must notify the email info@acquerello.co of the decision to exercise the right of withdrawal within the established period. Once the garments are received by Acquerello\u00ae in the same state in which they were sent, the refund of the money paid will be made. The shipping costs for the right of withdrawal will be assumed by the client.<br \/><br \/><\/li><\/ul><p>14. LEGAL WARRANTY<\/p><p>Acquerello \u00ae offers the guarantee on the products purchased, under the terms established by law, responding for defects in quality, suitability, safety and good condition of the products offered. The warranty term established for the products offered by Acquerello \u00ae is four (4) months.<\/p><p>To make the guarantee effective, you must be within the guarantee times and we must subject the product to a revision.<\/p><p>Once the legal warranty term expires, the customer must assume payment for any revision, diagnosis, repair and\/or replacement required by the garments.<\/p><p>Acquerello \u00ae does not make changes to products that have been damaged by improper use such as discoloration, use of chemicals or by non-compliance with the instructions for use indicated at the time of purchase. The warranty is covered by repair or replacement according to the criteria of Acquerello \u00ae and the provisions of the regulations that regulate the matter. It is cause for loss of the guarantee if the client decides to make modifications to the garment.<\/p><p>When the garments are purchased through official Acquerello distributors, which are published on the website www.acquerello.co, the guarantee request must be made directly to the distributor.<\/p><p>Acquerello \u00ae products are handmade, to guarantee the garments, the customer must take into account the following:<\/p><ul><li>Si el defecto no se puede reparar, se le reemplazar\u00e1 por un modelo igual, si este no se encuentra disponible, el cliente podr\u00e1 cambiarlo por cualquier otra prenda del mismo valor o mayor, cancelando la diferencia.<\/li><li>Si se produce el cambio total del producto por otro, el t\u00e9rmino de garant\u00eda empezar\u00e1 a correr nuevamente en su totalidad desde el momento de reposici\u00f3n. Si se cambia una o varias piezas o partes del bien, estas tendr\u00e1n garant\u00eda propia.<\/li><li>El t\u00e9rmino de la garant\u00eda legal empezar\u00e1 a correr a partir de la entrega del producto al cliente.<\/li><li>Las reparaciones por garant\u00eda se realizar\u00e1n en un plazo de un (01) mes aproximadamente, contado a partir de la fecha en la cual se recibe la prenda.<\/li><li>Los costos de los env\u00edos de las garant\u00edas ser\u00e1n asumidos por Acquerello \u00ae<\/li><li>Se entiende que los productos est\u00e1n conformes siempre que se ajusten a la descripci\u00f3n realizada por Acquerello\u00ae, tengan las cualidades presentadas, sean aptos para los usos a que ordinariamente se destinan los productos del mismo tipo y presenten la calidad y prestaciones habituales de un producto del mismo tipo.<\/li><li>Toda las piezas est\u00e1n hechas a mano en Colombia. Todos los pedidos se env\u00edan una vez que se recibe el pago completo por adelantado.<br \/><br \/><\/li><\/ul><p>INSTRUCCIONES DE REPARACION<\/p><p>Env\u00ede a la direcci\u00f3n que se indica a continuaci\u00f3n. Por favor, aseg\u00farese de que los art\u00edculos se devuelvan en una caja. Recomendamos utilizar un m\u00e9todo rastreable con una firma requerida, ya que no somos responsables de los art\u00edculos perdidos o da\u00f1ados durante el transporte.<\/p><p style=\"padding-left: 40px;\">Acquerello<br \/>Cra 11 A # 115 \u2013 20 Ofi: 402<br \/>Edificio Abedul<br \/>Bogot\u00e1, Colombia<\/p><p>Un representante de ventas se comunicar\u00e1 con la recepci\u00f3n del paquete para finalizar los detalles de la reparaci\u00f3n y la informaci\u00f3n de pago.<\/p><p>15. EXONERACI\u00d3N DE RESPONSABILIDAD DE LA GARANT\u00cdA.<\/p><p>Acquerello \u00ae se exonerar\u00e1 de la responsabilidad que se deriva de la garant\u00eda, cuando demuestre que el defecto proviene de:<\/p><p style=\"padding-left: 40px;\">1. El uso indebido del producto por parte del Cliente.<\/p><p style=\"padding-left: 40px;\">2. Cuando el Cliente no sigui\u00f3 las instrucciones para el cuidado del producto (ver Cuidado de producto).<\/p><p style=\"padding-left: 40px;\">3. Cumplido el termino de garant\u00eda establecido.<\/p><p>16. LEY APLICABLE Y JURISDICCI\u00d3N<\/p><p>La prestaci\u00f3n del servicio de la P\u00e1gina web y las presentes Condiciones Generales de Uso y pol\u00edticas de compra de la p\u00e1gina Web y las particulares que se llegaren a establecer, se rigen por la ley colombiana. Ley 1480 de 2011 \u00abEstatuto del Consumidor\u00bb, Las p\u00e1ginas en Internet, su dise\u00f1o y presentaci\u00f3n gr\u00e1fica, est\u00e1n amparadas por las disposiciones de la ley 23 de 1982, art\u00edculos 12 y 30 y la decisi\u00f3n 351 del Acuerdo de Cartagena (para el caso colombiano) y por las disposiciones del copyright Act. de 1976 de Estados Unidos de Am\u00e9rica.<\/p><p>Agradecemos su inter\u00e9s en consultar esta CONDICIONES GENERALES DE USO Y POL\u00cdTICAS DE COMPRA.<\/p><p>17. HORARIO DE RECEPCI\u00d3N Y ENV\u00cdO DE VENTAS VIRTUALES<\/p><p>Si la compra se recibe antes de las 12:00 m, cuenta como d\u00eda h\u00e1bil. Despu\u00e9s de esta hora, se contar\u00e1 al siguiente d\u00eda h\u00e1bil, laborable, de lunes a viernes. Este plazo de entrega comienza a ser efectivo en el momento en el que se env\u00eda el producto.<\/p><ul><li>El env\u00edo de los art\u00edculos comprados en www.acquerello.co se realizar\u00e1 a trav\u00e9s DHL y ser\u00e1 entregado en un plazo aproximado de 5 a 10 d\u00edas h\u00e1biles<\/li><li>Para evitar inconvenientes en la entrega (direcciones err\u00f3neas, imposibilidad de encontrar a alguien en el domicilio etc.), es indispensable completar correctamente el correspondiente formulario.<\/li><li>El seguimiento de los pedidos podr\u00e1 realizarse a trav\u00e9s de la P\u00e1gina Web de DHL o donde se indicar\u00e1 en cada momento, en qu\u00e9 lugar se encuentra la mercanc\u00eda hasta su recepci\u00f3n definitiva.<\/li><li>El precio del transporte se saca de las tarifas fijas que maneja cada empresa transportadora. El precio exacto del transporte se calcular\u00e1 al incluir cada art\u00edculo en el carrito de compras y figurar\u00e1 desglosado en la p\u00e1gina que resume la compra antes de la confirmaci\u00f3n del pedido por el cliente mediante clic en el bot\u00f3n \u201cConfirmar pago\u201d y antes de la introducci\u00f3n de los datos de pago.<\/li><li>Los costos de env\u00edo pueden ser modificados en cualquier momento sin previo aviso. Dicho cambio ser\u00e1 aplicable a partir del momento en que se incluya la modificaci\u00f3n en las p\u00e1ginas de ayuda y el contrato publicado en esta P\u00e1gina Web. En todo caso, ser\u00e1n v\u00e1lidos aquellos costos de env\u00edo que aparezcan en el momento de realizar el pedido.<\/li><li>Plazos de entrega en Colombia: (5) cinco d\u00edas h\u00e1biles aproximadamente, laborables.<\/li><li>Informaci\u00f3n adicional: El d\u00eda antes de la entrega se te enviar\u00e1 un correo electr\u00f3nico con la informaci\u00f3n del n\u00famero de rastreo de tu pedido y la factura de venta en formato PDF.<\/li><li>El horario de entrega ser\u00e1 de lunes a viernes y en horario de 08:00 a.m. a 06:00 p.m.<\/li><\/ul>\t\t\t\t\t\t\t\t<\/div>\n\t\t\t\t<\/div>\n\t\t\t\t\t<\/div>\n\t\t<\/div>\n\t\t\t\t\t<\/div>\n\t\t<\/section>\n\t\t\t\t<\/div>","protected":false},"excerpt":{"rendered":"<p>T\u00c9RMINOS Y CONDICIONES Acquerello \u00ae \u2013 ACQUARELLO S.A.S APRECIADO CLIENTE Las presentes CONDICIONES GENERALES DE USO Y POL\u00cdTICA DE COMPRA, establecen las condiciones por las que se rige el uso de la p\u00e1gina web www.acquerello.co y la compra de productos en la misma, a la cual los usuarios, o clientes deben sujetarse. Al utilizar esta [&hellip;]<\/p>\n","protected":false},"author":1,"featured_media":0,"parent":0,"menu_order":0,"comment_status":"closed","ping_status":"open","template":"","meta":{"_acf_changed":false,"_joinchat":[],"footnotes":""},"class_list":["post-3","page","type-page","status-publish","hentry"],"acf":[],"_links":{"self":[{"href":"https:\/\/acquerello.co\/en\/wp-json\/wp\/v2\/pages\/3","targetHints":{"allow":["GET"]}}],"collection":[{"href":"https:\/\/acquerello.co\/en\/wp-json\/wp\/v2\/pages"}],"about":[{"href":"https:\/\/acquerello.co\/en\/wp-json\/wp\/v2\/types\/page"}],"author":[{"embeddable":true,"href":"https:\/\/acquerello.co\/en\/wp-json\/wp\/v2\/users\/1"}],"replies":[{"embeddable":true,"href":"https:\/\/acquerello.co\/en\/wp-json\/wp\/v2\/comments?post=3"}],"version-history":[{"count":41,"href":"https:\/\/acquerello.co\/en\/wp-json\/wp\/v2\/pages\/3\/revisions"}],"predecessor-version":[{"id":4745,"href":"https:\/\/acquerello.co\/en\/wp-json\/wp\/v2\/pages\/3\/revisions\/4745"}],"wp:attachment":[{"href":"https:\/\/acquerello.co\/en\/wp-json\/wp\/v2\/media?parent=3"}],"curies":[{"name":"wp","href":"https:\/\/api.w.org\/{rel}","templated":true}]}}